{"id":37,"date":"2025-12-01T15:48:04","date_gmt":"2025-12-01T14:48:04","guid":{"rendered":"https:\/\/nijojo-agen.fr\/?page_id=37"},"modified":"2025-12-23T16:02:56","modified_gmt":"2025-12-23T15:02:56","slug":"maison-nijojo-chambres-de-charme-a-agen","status":"publish","type":"page","link":"https:\/\/nijojo-agen.fr\/","title":{"rendered":"Maison Nijojo \u2013 Chambres de charme \u00e0 Agen"},"content":{"rendered":"\n<figure class=\"wp-block-image aligncenter size-full\"><img fetchpriority=\"high\" decoding=\"async\" width=\"1536\" height=\"1024\" src=\"https:\/\/nijojo-agen.fr\/wp-content\/uploads\/2025\/12\/Logo-de-Maison-Nijo-jo-Agen.png\" alt=\"\" class=\"wp-image-50\" srcset=\"https:\/\/nijojo-agen.fr\/wp-content\/uploads\/2025\/12\/Logo-de-Maison-Nijo-jo-Agen.png 1536w, https:\/\/nijojo-agen.fr\/wp-content\/uploads\/2025\/12\/Logo-de-Maison-Nijo-jo-Agen-300x200.png 300w, https:\/\/nijojo-agen.fr\/wp-content\/uploads\/2025\/12\/Logo-de-Maison-Nijo-jo-Agen-1024x683.png 1024w, https:\/\/nijojo-agen.fr\/wp-content\/uploads\/2025\/12\/Logo-de-Maison-Nijo-jo-Agen-768x512.png 768w, https:\/\/nijojo-agen.fr\/wp-content\/uploads\/2025\/12\/Logo-de-Maison-Nijo-jo-Agen-1320x880.png 1320w\" sizes=\"(max-width: 1536px) 100vw, 1536px\" \/><\/figure>\n\n\n\n<div class=\"wp-block-group is-layout-constrained wp-container-core-group-is-layout-648b1458 wp-block-group-is-layout-constrained\">\n<h1 class=\"wp-block-heading has-text-align-center\"><strong>Maison Nijojo \u2013 Chambres de charme \u00e0 Agen<\/strong><\/h1>\n\n\n\n<p class=\"has-text-align-center\">Un meubl\u00e9 de tourisme premium est en cours de cr\u00e9ation au c\u0153ur du quartier Scaliger \u00e0 Agen.<br>Ouverture pr\u00e9vue : <strong>\u00e9t\u00e9 2026<\/strong>.<\/p>\n\n\n\n<hr class=\"wp-block-separator has-css-opacity aligncenter has-text-color has-luminous-vivid-amber-color has-background has-luminous-vivid-amber-background-color\"\/>\n\n\n\n<p class=\"has-text-align-center\">La Maison Nijojo est actuellement en pleine r\u00e9novation pour devenir un lieu chaleureux, \u00e9l\u00e9gant et confortable. Chambres lumineuses, ambiance apaisante, mat\u00e9riaux de qualit\u00e9\u2026 un espace pens\u00e9 pour accueillir voyageurs, familles et professionnels en qu\u00eate de douceur et de confort.<br><br>Suivez l\u2019\u00e9volution du chantier, les avant\/apr\u00e8s et les coulisses de la transformation.<\/p>\n\n\n\n<div class=\"wp-block-buttons is-content-justification-center is-layout-flex wp-container-core-buttons-is-layout-a89b3969 wp-block-buttons-is-layout-flex\">\n<div class=\"wp-block-button\"><a class=\"wp-block-button__link has-black-color has-luminous-vivid-amber-background-color has-text-color has-background wp-element-button\" href=\"https:\/\/www.instagram.com\/maison_nijojo\/\" style=\"border-radius:50px\">\ud83d\udcf8 Suivre sur Instagram<\/a><\/div>\n\n\n\n<div class=\"wp-block-button\"><a class=\"wp-block-button__link has-black-color has-white-background-color has-text-color has-background has-border-color wp-element-button\" href=\"https:\/\/www.facebook.com\/profile.php?id=61581818346994\" style=\"border-color:#c0b08a;border-width:1px;border-radius:50px\">\ud83d\udcd8 Suivre sur Facebook<\/a><\/div>\n<\/div>\n\n\n\n<p class=\"has-text-align-center\">Une question, un futur s\u00e9jour \u00e0 pr\u00e9parer ou un partenariat ?<\/p>\n\n\n\n<div class=\"wp-block-buttons is-content-justification-center is-layout-flex wp-container-core-buttons-is-layout-a89b3969 wp-block-buttons-is-layout-flex\">\n<div class=\"wp-block-button\"><a class=\"wp-block-button__link wp-element-button\" href=\"mailto:jomatime47@gmail.com\">Nous contacter<\/a><\/div>\n<\/div>\n\n\n\n<p class=\"has-text-align-center has-text-color\" style=\"color:#777\"><strong>Maison Nijojo\u2122<\/strong><br><em>Marque d\u2019h\u00e9bergement touristique \u2013 Chambres de charme \u00e0 Agen<\/em><\/p>\n<\/div>\n\n\n\n<p><\/p>\n","protected":false},"excerpt":{"rendered":"<p>Maison Nijojo \u2013 Chambres de charme \u00e0 Agen Un meubl\u00e9 de tourisme premium est en cours de cr\u00e9ation au c\u0153ur [&hellip;]<\/p>\n","protected":false},"author":1,"featured_media":0,"parent":0,"menu_order":0,"comment_status":"closed","ping_status":"closed","template":"","meta":{"_monsterinsights_skip_tracking":false,"_monsterinsights_sitenote_active":false,"_monsterinsights_sitenote_note":"","_monsterinsights_sitenote_category":0,"site-sidebar-layout":"default","site-content-layout":"","ast-site-content-layout":"default","site-content-style":"default","site-sidebar-style":"default","ast-global-header-display":"","ast-banner-title-visibility":"","ast-main-header-display":"","ast-hfb-above-header-display":"","ast-hfb-below-header-display":"","ast-hfb-mobile-header-display":"","site-post-title":"","ast-breadcrumbs-content":"","ast-featured-img":"","footer-sml-layout":"","ast-disable-related-posts":"","theme-transparent-header-meta":"","adv-header-id-meta":"","stick-header-meta":"","header-above-stick-meta":"","header-main-stick-meta":"","header-below-stick-meta":"","astra-migrate-meta-layouts":"default","ast-page-background-enabled":"default","ast-page-background-meta":{"desktop":{"background-color":"var(--ast-global-color-5)","background-image":"","background-repeat":"repeat","background-position":"center center","background-size":"auto","background-attachment":"scroll","background-type":"","background-media":"","overlay-type":"","overlay-color":"","overlay-opacity":"","overlay-gradient":""},"tablet":{"background-color":"","background-image":"","background-repeat":"repeat","background-position":"center center","background-size":"auto","background-attachment":"scroll","background-type":"","background-media":"","overlay-type":"","overlay-color":"","overlay-opacity":"","overlay-gradient":""},"mobile":{"background-color":"","background-image":"","background-repeat":"repeat","background-position":"center center","background-size":"auto","background-attachment":"scroll","background-type":"","background-media":"","overlay-type":"","overlay-color":"","overlay-opacity":"","overlay-gradient":""}},"ast-content-background-meta":{"desktop":{"background-color":"var(--ast-global-color-4)","background-image":"","background-repeat":"repeat","background-position":"center center","background-size":"auto","background-attachment":"scroll","background-type":"","background-media":"","overlay-type":"","overlay-color":"","overlay-opacity":"","overlay-gradient":""},"tablet":{"background-color":"var(--ast-global-color-4)","background-image":"","background-repeat":"repeat","background-position":"center center","background-size":"auto","background-attachment":"scroll","background-type":"","background-media":"","overlay-type":"","overlay-color":"","overlay-opacity":"","overlay-gradient":""},"mobile":{"background-color":"var(--ast-global-color-4)","background-image":"","background-repeat":"repeat","background-position":"center center","background-size":"auto","background-attachment":"scroll","background-type":"","background-media":"","overlay-type":"","overlay-color":"","overlay-opacity":"","overlay-gradient":""}},"footnotes":""},"class_list":["post-37","page","type-page","status-publish","hentry"],"yoast_head":"<!-- This site is optimized with the Yoast SEO plugin v27.3 - https:\/\/yoast.com\/product\/yoast-seo-wordpress\/ -->\n<title>Maison Nijojo \u2013 Chambres de charme \u00e0 Agen - Maison Nijojo \u2013 Chambres de charme \u00e0 Agen<\/title>\n<meta name=\"robots\" content=\"index, follow, max-snippet:-1, max-image-preview:large, max-video-preview:-1\" \/>\n<link rel=\"canonical\" href=\"https:\/\/nijojo-agen.fr\/\" \/>\n<meta property=\"og:locale\" content=\"fr_FR\" \/>\n<meta property=\"og:type\" content=\"article\" \/>\n<meta property=\"og:title\" content=\"Maison Nijojo \u2013 Chambres de charme \u00e0 Agen - Maison Nijojo \u2013 Chambres de charme \u00e0 Agen\" \/>\n<meta property=\"og:description\" content=\"Maison Nijojo \u2013 Chambres de charme \u00e0 Agen Un meubl\u00e9 de tourisme premium est en cours de cr\u00e9ation au c\u0153ur [&hellip;]\" \/>\n<meta property=\"og:url\" content=\"https:\/\/nijojo-agen.fr\/\" \/>\n<meta property=\"og:site_name\" content=\"Maison Nijojo \u2013 Chambres de charme \u00e0 Agen\" \/>\n<meta property=\"article:modified_time\" content=\"2025-12-23T15:02:56+00:00\" \/>\n<meta property=\"og:image\" content=\"https:\/\/nijojo-agen.fr\/wp-content\/uploads\/2025\/12\/Logo-de-Maison-Nijo-jo-Agen.png\" \/>\n\t<meta property=\"og:image:width\" content=\"1536\" \/>\n\t<meta property=\"og:image:height\" content=\"1024\" \/>\n\t<meta property=\"og:image:type\" content=\"image\/png\" \/>\n<meta name=\"twitter:card\" content=\"summary_large_image\" \/>\n<meta name=\"twitter:label1\" content=\"Dur\u00e9e de lecture estim\u00e9e\" \/>\n\t<meta name=\"twitter:data1\" content=\"1 minute\" \/>\n<script type=\"application\/ld+json\" class=\"yoast-schema-graph\">{\"@context\":\"https:\\\/\\\/schema.org\",\"@graph\":[{\"@type\":\"WebPage\",\"@id\":\"https:\\\/\\\/nijojo-agen.fr\\\/\",\"url\":\"https:\\\/\\\/nijojo-agen.fr\\\/\",\"name\":\"Maison Nijojo \u2013 Chambres de charme \u00e0 Agen - Maison Nijojo \u2013 Chambres de charme \u00e0 Agen\",\"isPartOf\":{\"@id\":\"https:\\\/\\\/nijojo-agen.fr\\\/#website\"},\"primaryImageOfPage\":{\"@id\":\"https:\\\/\\\/nijojo-agen.fr\\\/#primaryimage\"},\"image\":{\"@id\":\"https:\\\/\\\/nijojo-agen.fr\\\/#primaryimage\"},\"thumbnailUrl\":\"https:\\\/\\\/nijojo-agen.fr\\\/wp-content\\\/uploads\\\/2025\\\/12\\\/Logo-de-Maison-Nijo-jo-Agen.png\",\"datePublished\":\"2025-12-01T14:48:04+00:00\",\"dateModified\":\"2025-12-23T15:02:56+00:00\",\"breadcrumb\":{\"@id\":\"https:\\\/\\\/nijojo-agen.fr\\\/#breadcrumb\"},\"inLanguage\":\"fr-FR\",\"potentialAction\":[{\"@type\":\"ReadAction\",\"target\":[\"https:\\\/\\\/nijojo-agen.fr\\\/\"]}]},{\"@type\":\"ImageObject\",\"inLanguage\":\"fr-FR\",\"@id\":\"https:\\\/\\\/nijojo-agen.fr\\\/#primaryimage\",\"url\":\"https:\\\/\\\/nijojo-agen.fr\\\/wp-content\\\/uploads\\\/2025\\\/12\\\/Logo-de-Maison-Nijo-jo-Agen.png\",\"contentUrl\":\"https:\\\/\\\/nijojo-agen.fr\\\/wp-content\\\/uploads\\\/2025\\\/12\\\/Logo-de-Maison-Nijo-jo-Agen.png\",\"width\":1536,\"height\":1024},{\"@type\":\"BreadcrumbList\",\"@id\":\"https:\\\/\\\/nijojo-agen.fr\\\/#breadcrumb\",\"itemListElement\":[{\"@type\":\"ListItem\",\"position\":1,\"name\":\"Accueil\",\"item\":\"https:\\\/\\\/nijojo-agen.fr\\\/\"},{\"@type\":\"ListItem\",\"position\":2,\"name\":\"Maison Nijojo \u2013 Chambres de charme \u00e0 Agen\"}]},{\"@type\":\"WebSite\",\"@id\":\"https:\\\/\\\/nijojo-agen.fr\\\/#website\",\"url\":\"https:\\\/\\\/nijojo-agen.fr\\\/\",\"name\":\"Maison Nijojo \u2013 Chambres de charme \u00e0 Agen\",\"description\":\"\",\"potentialAction\":[{\"@type\":\"SearchAction\",\"target\":{\"@type\":\"EntryPoint\",\"urlTemplate\":\"https:\\\/\\\/nijojo-agen.fr\\\/?s={search_term_string}\"},\"query-input\":{\"@type\":\"PropertyValueSpecification\",\"valueRequired\":true,\"valueName\":\"search_term_string\"}}],\"inLanguage\":\"fr-FR\"}]}<\/script>\n<!-- \/ Yoast SEO plugin. -->","yoast_head_json":{"title":"Maison Nijojo \u2013 Chambres de charme \u00e0 Agen - Maison Nijojo \u2013 Chambres de charme \u00e0 Agen","robots":{"index":"index","follow":"follow","max-snippet":"max-snippet:-1","max-image-preview":"max-image-preview:large","max-video-preview":"max-video-preview:-1"},"canonical":"https:\/\/nijojo-agen.fr\/","og_locale":"fr_FR","og_type":"article","og_title":"Maison Nijojo \u2013 Chambres de charme \u00e0 Agen - Maison Nijojo \u2013 Chambres de charme \u00e0 Agen","og_description":"Maison Nijojo \u2013 Chambres de charme \u00e0 Agen Un meubl\u00e9 de tourisme premium est en cours de cr\u00e9ation au c\u0153ur [&hellip;]","og_url":"https:\/\/nijojo-agen.fr\/","og_site_name":"Maison Nijojo \u2013 Chambres de charme \u00e0 Agen","article_modified_time":"2025-12-23T15:02:56+00:00","og_image":[{"width":1536,"height":1024,"url":"https:\/\/nijojo-agen.fr\/wp-content\/uploads\/2025\/12\/Logo-de-Maison-Nijo-jo-Agen.png","type":"image\/png"}],"twitter_card":"summary_large_image","twitter_misc":{"Dur\u00e9e de lecture estim\u00e9e":"1 minute"},"schema":{"@context":"https:\/\/schema.org","@graph":[{"@type":"WebPage","@id":"https:\/\/nijojo-agen.fr\/","url":"https:\/\/nijojo-agen.fr\/","name":"Maison Nijojo \u2013 Chambres de charme \u00e0 Agen - Maison Nijojo \u2013 Chambres de charme \u00e0 Agen","isPartOf":{"@id":"https:\/\/nijojo-agen.fr\/#website"},"primaryImageOfPage":{"@id":"https:\/\/nijojo-agen.fr\/#primaryimage"},"image":{"@id":"https:\/\/nijojo-agen.fr\/#primaryimage"},"thumbnailUrl":"https:\/\/nijojo-agen.fr\/wp-content\/uploads\/2025\/12\/Logo-de-Maison-Nijo-jo-Agen.png","datePublished":"2025-12-01T14:48:04+00:00","dateModified":"2025-12-23T15:02:56+00:00","breadcrumb":{"@id":"https:\/\/nijojo-agen.fr\/#breadcrumb"},"inLanguage":"fr-FR","potentialAction":[{"@type":"ReadAction","target":["https:\/\/nijojo-agen.fr\/"]}]},{"@type":"ImageObject","inLanguage":"fr-FR","@id":"https:\/\/nijojo-agen.fr\/#primaryimage","url":"https:\/\/nijojo-agen.fr\/wp-content\/uploads\/2025\/12\/Logo-de-Maison-Nijo-jo-Agen.png","contentUrl":"https:\/\/nijojo-agen.fr\/wp-content\/uploads\/2025\/12\/Logo-de-Maison-Nijo-jo-Agen.png","width":1536,"height":1024},{"@type":"BreadcrumbList","@id":"https:\/\/nijojo-agen.fr\/#breadcrumb","itemListElement":[{"@type":"ListItem","position":1,"name":"Accueil","item":"https:\/\/nijojo-agen.fr\/"},{"@type":"ListItem","position":2,"name":"Maison Nijojo \u2013 Chambres de charme \u00e0 Agen"}]},{"@type":"WebSite","@id":"https:\/\/nijojo-agen.fr\/#website","url":"https:\/\/nijojo-agen.fr\/","name":"Maison Nijojo \u2013 Chambres de charme \u00e0 Agen","description":"","potentialAction":[{"@type":"SearchAction","target":{"@type":"EntryPoint","urlTemplate":"https:\/\/nijojo-agen.fr\/?s={search_term_string}"},"query-input":{"@type":"PropertyValueSpecification","valueRequired":true,"valueName":"search_term_string"}}],"inLanguage":"fr-FR"}]}},"_links":{"self":[{"href":"https:\/\/nijojo-agen.fr\/index.php?rest_route=\/wp\/v2\/pages\/37","targetHints":{"allow":["GET"]}}],"collection":[{"href":"https:\/\/nijojo-agen.fr\/index.php?rest_route=\/wp\/v2\/pages"}],"about":[{"href":"https:\/\/nijojo-agen.fr\/index.php?rest_route=\/wp\/v2\/types\/page"}],"author":[{"embeddable":true,"href":"https:\/\/nijojo-agen.fr\/index.php?rest_route=\/wp\/v2\/users\/1"}],"replies":[{"embeddable":true,"href":"https:\/\/nijojo-agen.fr\/index.php?rest_route=%2Fwp%2Fv2%2Fcomments&post=37"}],"version-history":[{"count":15,"href":"https:\/\/nijojo-agen.fr\/index.php?rest_route=\/wp\/v2\/pages\/37\/revisions"}],"predecessor-version":[{"id":65,"href":"https:\/\/nijojo-agen.fr\/index.php?rest_route=\/wp\/v2\/pages\/37\/revisions\/65"}],"wp:attachment":[{"href":"https:\/\/nijojo-agen.fr\/index.php?rest_route=%2Fwp%2Fv2%2Fmedia&parent=37"}],"curies":[{"name":"wp","href":"https:\/\/api.w.org\/{rel}","templated":true}]}}