{"id":72,"date":"2026-03-25T11:52:51","date_gmt":"2026-03-25T10:52:51","guid":{"rendered":"https:\/\/nijojo-agen.fr\/?page_id=72"},"modified":"2026-03-25T12:04:59","modified_gmt":"2026-03-25T11:04:59","slug":"decouvrir-agen","status":"publish","type":"page","link":"https:\/\/nijojo-agen.fr\/?page_id=72","title":{"rendered":"D\u00e9couvrir Agen"},"content":{"rendered":"\n<h2 class=\"wp-block-heading\"><\/h2>\n\n\n\n<p>Situ\u00e9e entre Bordeaux et Toulouse, Agen est une ville \u00e0 taille humaine o\u00f9 il fait bon vivre.<\/p>\n\n\n\n<p>Travers\u00e9e par la Garonne, entour\u00e9e de coteaux et de vergers, elle s\u00e9duit par son cadre naturel, son patrimoine et sa douceur de vivre.<\/p>\n\n\n\n<p>Connue pour le pruneau d\u2019Agen, la ville est aussi un excellent point de d\u00e9part pour d\u00e9couvrir le Lot-et-Garonne.<\/p>\n\n\n\n<p>Entre march\u00e9s locaux, balades le long du canal, villages de caract\u00e8re et gastronomie du Sud-Ouest, Agen offre une exp\u00e9rience authentique et conviviale.<\/p>\n\n\n\n<p><\/p>\n","protected":false},"excerpt":{"rendered":"<p>Situ\u00e9e entre Bordeaux et Toulouse, Agen est une ville \u00e0 taille humaine o\u00f9 il fait bon vivre. Travers\u00e9e par la [&hellip;]<\/p>\n","protected":false},"author":1,"featured_media":0,"parent":0,"menu_order":0,"comment_status":"closed","ping_status":"closed","template":"","meta":{"_monsterinsights_skip_tracking":false,"_monsterinsights_sitenote_active":false,"_monsterinsights_sitenote_note":"","_monsterinsights_sitenote_category":0,"site-sidebar-layout":"default","site-content-layout":"","ast-site-content-layout":"default","site-content-style":"default","site-sidebar-style":"default","ast-global-header-display":"","ast-banner-title-visibility":"","ast-main-header-display":"","ast-hfb-above-header-display":"","ast-hfb-below-header-display":"","ast-hfb-mobile-header-display":"","site-post-title":"","ast-breadcrumbs-content":"","ast-featured-img":"","footer-sml-layout":"","ast-disable-related-posts":"","theme-transparent-header-meta":"","adv-header-id-meta":"","stick-header-meta":"","header-above-stick-meta":"","header-main-stick-meta":"","header-below-stick-meta":"","astra-migrate-meta-layouts":"default","ast-page-background-enabled":"default","ast-page-background-meta":{"desktop":{"background-color":"var(--ast-global-color-5)","background-image":"","background-repeat":"repeat","background-position":"center center","background-size":"auto","background-attachment":"scroll","background-type":"","background-media":"","overlay-type":"","overlay-color":"","overlay-opacity":"","overlay-gradient":""},"tablet":{"background-color":"","background-image":"","background-repeat":"repeat","background-position":"center center","background-size":"auto","background-attachment":"scroll","background-type":"","background-media":"","overlay-type":"","overlay-color":"","overlay-opacity":"","overlay-gradient":""},"mobile":{"background-color":"","background-image":"","background-repeat":"repeat","background-position":"center center","background-size":"auto","background-attachment":"scroll","background-type":"","background-media":"","overlay-type":"","overlay-color":"","overlay-opacity":"","overlay-gradient":""}},"ast-content-background-meta":{"desktop":{"background-color":"var(--ast-global-color-4)","background-image":"","background-repeat":"repeat","background-position":"center center","background-size":"auto","background-attachment":"scroll","background-type":"","background-media":"","overlay-type":"","overlay-color":"","overlay-opacity":"","overlay-gradient":""},"tablet":{"background-color":"var(--ast-global-color-4)","background-image":"","background-repeat":"repeat","background-position":"center center","background-size":"auto","background-attachment":"scroll","background-type":"","background-media":"","overlay-type":"","overlay-color":"","overlay-opacity":"","overlay-gradient":""},"mobile":{"background-color":"var(--ast-global-color-4)","background-image":"","background-repeat":"repeat","background-position":"center center","background-size":"auto","background-attachment":"scroll","background-type":"","background-media":"","overlay-type":"","overlay-color":"","overlay-opacity":"","overlay-gradient":""}},"footnotes":""},"class_list":["post-72","page","type-page","status-publish","hentry"],"yoast_head":"<!-- This site is optimized with the Yoast SEO plugin v27.3 - https:\/\/yoast.com\/product\/yoast-seo-wordpress\/ -->\n<title>D\u00e9couvrir Agen - Maison Nijojo \u2013 Chambres de charme \u00e0 Agen<\/title>\n<meta name=\"robots\" content=\"index, follow, max-snippet:-1, max-image-preview:large, max-video-preview:-1\" \/>\n<link rel=\"canonical\" href=\"https:\/\/nijojo-agen.fr\/?page_id=72\" \/>\n<meta property=\"og:locale\" content=\"fr_FR\" \/>\n<meta property=\"og:type\" content=\"article\" \/>\n<meta property=\"og:title\" content=\"D\u00e9couvrir Agen - Maison Nijojo \u2013 Chambres de charme \u00e0 Agen\" \/>\n<meta property=\"og:description\" content=\"Situ\u00e9e entre Bordeaux et Toulouse, Agen est une ville \u00e0 taille humaine o\u00f9 il fait bon vivre. Travers\u00e9e par la [&hellip;]\" \/>\n<meta property=\"og:url\" content=\"https:\/\/nijojo-agen.fr\/?page_id=72\" \/>\n<meta property=\"og:site_name\" content=\"Maison Nijojo \u2013 Chambres de charme \u00e0 Agen\" \/>\n<meta property=\"article:modified_time\" content=\"2026-03-25T11:04:59+00:00\" \/>\n<meta name=\"twitter:card\" content=\"summary_large_image\" \/>\n<meta name=\"twitter:label1\" content=\"Dur\u00e9e de lecture estim\u00e9e\" \/>\n\t<meta name=\"twitter:data1\" content=\"1 minute\" \/>\n<script type=\"application\/ld+json\" class=\"yoast-schema-graph\">{\"@context\":\"https:\\\/\\\/schema.org\",\"@graph\":[{\"@type\":\"WebPage\",\"@id\":\"https:\\\/\\\/nijojo-agen.fr\\\/?page_id=72\",\"url\":\"https:\\\/\\\/nijojo-agen.fr\\\/?page_id=72\",\"name\":\"D\u00e9couvrir Agen - Maison Nijojo \u2013 Chambres de charme \u00e0 Agen\",\"isPartOf\":{\"@id\":\"https:\\\/\\\/nijojo-agen.fr\\\/#website\"},\"datePublished\":\"2026-03-25T10:52:51+00:00\",\"dateModified\":\"2026-03-25T11:04:59+00:00\",\"breadcrumb\":{\"@id\":\"https:\\\/\\\/nijojo-agen.fr\\\/?page_id=72#breadcrumb\"},\"inLanguage\":\"fr-FR\",\"potentialAction\":[{\"@type\":\"ReadAction\",\"target\":[\"https:\\\/\\\/nijojo-agen.fr\\\/?page_id=72\"]}]},{\"@type\":\"BreadcrumbList\",\"@id\":\"https:\\\/\\\/nijojo-agen.fr\\\/?page_id=72#breadcrumb\",\"itemListElement\":[{\"@type\":\"ListItem\",\"position\":1,\"name\":\"Accueil\",\"item\":\"https:\\\/\\\/nijojo-agen.fr\\\/\"},{\"@type\":\"ListItem\",\"position\":2,\"name\":\"D\u00e9couvrir Agen\"}]},{\"@type\":\"WebSite\",\"@id\":\"https:\\\/\\\/nijojo-agen.fr\\\/#website\",\"url\":\"https:\\\/\\\/nijojo-agen.fr\\\/\",\"name\":\"Maison Nijojo \u2013 Chambres de charme \u00e0 Agen\",\"description\":\"\",\"potentialAction\":[{\"@type\":\"SearchAction\",\"target\":{\"@type\":\"EntryPoint\",\"urlTemplate\":\"https:\\\/\\\/nijojo-agen.fr\\\/?s={search_term_string}\"},\"query-input\":{\"@type\":\"PropertyValueSpecification\",\"valueRequired\":true,\"valueName\":\"search_term_string\"}}],\"inLanguage\":\"fr-FR\"}]}<\/script>\n<!-- \/ Yoast SEO plugin. -->","yoast_head_json":{"title":"D\u00e9couvrir Agen - Maison Nijojo \u2013 Chambres de charme \u00e0 Agen","robots":{"index":"index","follow":"follow","max-snippet":"max-snippet:-1","max-image-preview":"max-image-preview:large","max-video-preview":"max-video-preview:-1"},"canonical":"https:\/\/nijojo-agen.fr\/?page_id=72","og_locale":"fr_FR","og_type":"article","og_title":"D\u00e9couvrir Agen - Maison Nijojo \u2013 Chambres de charme \u00e0 Agen","og_description":"Situ\u00e9e entre Bordeaux et Toulouse, Agen est une ville \u00e0 taille humaine o\u00f9 il fait bon vivre. Travers\u00e9e par la [&hellip;]","og_url":"https:\/\/nijojo-agen.fr\/?page_id=72","og_site_name":"Maison Nijojo \u2013 Chambres de charme \u00e0 Agen","article_modified_time":"2026-03-25T11:04:59+00:00","twitter_card":"summary_large_image","twitter_misc":{"Dur\u00e9e de lecture estim\u00e9e":"1 minute"},"schema":{"@context":"https:\/\/schema.org","@graph":[{"@type":"WebPage","@id":"https:\/\/nijojo-agen.fr\/?page_id=72","url":"https:\/\/nijojo-agen.fr\/?page_id=72","name":"D\u00e9couvrir Agen - Maison Nijojo \u2013 Chambres de charme \u00e0 Agen","isPartOf":{"@id":"https:\/\/nijojo-agen.fr\/#website"},"datePublished":"2026-03-25T10:52:51+00:00","dateModified":"2026-03-25T11:04:59+00:00","breadcrumb":{"@id":"https:\/\/nijojo-agen.fr\/?page_id=72#breadcrumb"},"inLanguage":"fr-FR","potentialAction":[{"@type":"ReadAction","target":["https:\/\/nijojo-agen.fr\/?page_id=72"]}]},{"@type":"BreadcrumbList","@id":"https:\/\/nijojo-agen.fr\/?page_id=72#breadcrumb","itemListElement":[{"@type":"ListItem","position":1,"name":"Accueil","item":"https:\/\/nijojo-agen.fr\/"},{"@type":"ListItem","position":2,"name":"D\u00e9couvrir Agen"}]},{"@type":"WebSite","@id":"https:\/\/nijojo-agen.fr\/#website","url":"https:\/\/nijojo-agen.fr\/","name":"Maison Nijojo \u2013 Chambres de charme \u00e0 Agen","description":"","potentialAction":[{"@type":"SearchAction","target":{"@type":"EntryPoint","urlTemplate":"https:\/\/nijojo-agen.fr\/?s={search_term_string}"},"query-input":{"@type":"PropertyValueSpecification","valueRequired":true,"valueName":"search_term_string"}}],"inLanguage":"fr-FR"}]}},"_links":{"self":[{"href":"https:\/\/nijojo-agen.fr\/index.php?rest_route=\/wp\/v2\/pages\/72","targetHints":{"allow":["GET"]}}],"collection":[{"href":"https:\/\/nijojo-agen.fr\/index.php?rest_route=\/wp\/v2\/pages"}],"about":[{"href":"https:\/\/nijojo-agen.fr\/index.php?rest_route=\/wp\/v2\/types\/page"}],"author":[{"embeddable":true,"href":"https:\/\/nijojo-agen.fr\/index.php?rest_route=\/wp\/v2\/users\/1"}],"replies":[{"embeddable":true,"href":"https:\/\/nijojo-agen.fr\/index.php?rest_route=%2Fwp%2Fv2%2Fcomments&post=72"}],"version-history":[{"count":2,"href":"https:\/\/nijojo-agen.fr\/index.php?rest_route=\/wp\/v2\/pages\/72\/revisions"}],"predecessor-version":[{"id":80,"href":"https:\/\/nijojo-agen.fr\/index.php?rest_route=\/wp\/v2\/pages\/72\/revisions\/80"}],"wp:attachment":[{"href":"https:\/\/nijojo-agen.fr\/index.php?rest_route=%2Fwp%2Fv2%2Fmedia&parent=72"}],"curies":[{"name":"wp","href":"https:\/\/api.w.org\/{rel}","templated":true}]}}