{"id":74,"date":"2026-03-25T11:54:35","date_gmt":"2026-03-25T10:54:35","guid":{"rendered":"https:\/\/nijojo-agen.fr\/?page_id=74"},"modified":"2026-03-25T12:31:03","modified_gmt":"2026-03-25T11:31:03","slug":"que-faire-a-agen","status":"publish","type":"page","link":"https:\/\/nijojo-agen.fr\/?page_id=74","title":{"rendered":"Que faire \u00e0 Agen ?"},"content":{"rendered":"\n<h2 class=\"wp-block-heading\"><\/h2>\n\n\n\n<p>Voici quelques id\u00e9es pour profiter pleinement de votre s\u00e9jour \u00e0 Agen et dans ses environs.<\/p>\n\n\n\n<h3 class=\"wp-block-heading\">Culture et patrimoine<\/h3>\n\n\n\n<ul class=\"wp-block-list\">\n<li>Fl\u00e2ner dans le centre historique<\/li>\n\n\n\n<li>D\u00e9couvrir la cath\u00e9drale Saint-Caprais<\/li>\n\n\n\n<li>Admirer le pont-canal d\u2019Agen<\/li>\n\n\n\n<li>Explorer les villages de caract\u00e8re du Lot-et-Garonne<\/li>\n<\/ul>\n\n\n\n<h3 class=\"wp-block-heading\">Nature et d\u00e9tente<\/h3>\n\n\n\n<ul class=\"wp-block-list\">\n<li>Se promener \u00e0 pied ou \u00e0 v\u00e9lo le long du canal<\/li>\n\n\n\n<li>Profiter du lac de Passeligne<\/li>\n\n\n\n<li>D\u00e9couvrir les sentiers de randonn\u00e9e<\/li>\n\n\n\n<li>Explorer les paysages du Lot-et-Garonne<\/li>\n<\/ul>\n\n\n\n<h3 class=\"wp-block-heading\">Loisirs et divertissements<\/h3>\n\n\n\n<ul class=\"wp-block-list\">\n<li>Profiter des activit\u00e9s familiales autour d\u2019Agen<\/li>\n\n\n\n<li>Se d\u00e9tendre dans un spa<\/li>\n\n\n\n<li>Aller au cin\u00e9ma ou voir un spectacle<\/li>\n\n\n\n<li>D\u00e9couvrir les activit\u00e9s de loisirs selon la saison<\/li>\n<\/ul>\n","protected":false},"excerpt":{"rendered":"<p>Voici quelques id\u00e9es pour profiter pleinement de votre s\u00e9jour \u00e0 Agen et dans ses environs. Culture et patrimoine Nature et [&hellip;]<\/p>\n","protected":false},"author":1,"featured_media":0,"parent":0,"menu_order":0,"comment_status":"closed","ping_status":"closed","template":"","meta":{"_monsterinsights_skip_tracking":false,"_monsterinsights_sitenote_active":false,"_monsterinsights_sitenote_note":"","_monsterinsights_sitenote_category":0,"site-sidebar-layout":"default","site-content-layout":"","ast-site-content-layout":"default","site-content-style":"default","site-sidebar-style":"default","ast-global-header-display":"","ast-banner-title-visibility":"","ast-main-header-display":"","ast-hfb-above-header-display":"","ast-hfb-below-header-display":"","ast-hfb-mobile-header-display":"","site-post-title":"","ast-breadcrumbs-content":"","ast-featured-img":"","footer-sml-layout":"","ast-disable-related-posts":"","theme-transparent-header-meta":"","adv-header-id-meta":"","stick-header-meta":"","header-above-stick-meta":"","header-main-stick-meta":"","header-below-stick-meta":"","astra-migrate-meta-layouts":"default","ast-page-background-enabled":"default","ast-page-background-meta":{"desktop":{"background-color":"var(--ast-global-color-5)","background-image":"","background-repeat":"repeat","background-position":"center center","background-size":"auto","background-attachment":"scroll","background-type":"","background-media":"","overlay-type":"","overlay-color":"","overlay-opacity":"","overlay-gradient":""},"tablet":{"background-color":"","background-image":"","background-repeat":"repeat","background-position":"center center","background-size":"auto","background-attachment":"scroll","background-type":"","background-media":"","overlay-type":"","overlay-color":"","overlay-opacity":"","overlay-gradient":""},"mobile":{"background-color":"","background-image":"","background-repeat":"repeat","background-position":"center center","background-size":"auto","background-attachment":"scroll","background-type":"","background-media":"","overlay-type":"","overlay-color":"","overlay-opacity":"","overlay-gradient":""}},"ast-content-background-meta":{"desktop":{"background-color":"var(--ast-global-color-4)","background-image":"","background-repeat":"repeat","background-position":"center center","background-size":"auto","background-attachment":"scroll","background-type":"","background-media":"","overlay-type":"","overlay-color":"","overlay-opacity":"","overlay-gradient":""},"tablet":{"background-color":"var(--ast-global-color-4)","background-image":"","background-repeat":"repeat","background-position":"center center","background-size":"auto","background-attachment":"scroll","background-type":"","background-media":"","overlay-type":"","overlay-color":"","overlay-opacity":"","overlay-gradient":""},"mobile":{"background-color":"var(--ast-global-color-4)","background-image":"","background-repeat":"repeat","background-position":"center center","background-size":"auto","background-attachment":"scroll","background-type":"","background-media":"","overlay-type":"","overlay-color":"","overlay-opacity":"","overlay-gradient":""}},"footnotes":""},"class_list":["post-74","page","type-page","status-publish","hentry"],"yoast_head":"<!-- This site is optimized with the Yoast SEO plugin v27.3 - https:\/\/yoast.com\/product\/yoast-seo-wordpress\/ -->\n<title>Que faire \u00e0 Agen ? - Maison Nijojo \u2013 Chambres de charme \u00e0 Agen<\/title>\n<meta name=\"robots\" content=\"index, follow, max-snippet:-1, max-image-preview:large, max-video-preview:-1\" \/>\n<link rel=\"canonical\" href=\"https:\/\/nijojo-agen.fr\/?page_id=74\" \/>\n<meta property=\"og:locale\" content=\"fr_FR\" \/>\n<meta property=\"og:type\" content=\"article\" \/>\n<meta property=\"og:title\" content=\"Que faire \u00e0 Agen ? - Maison Nijojo \u2013 Chambres de charme \u00e0 Agen\" \/>\n<meta property=\"og:description\" content=\"Voici quelques id\u00e9es pour profiter pleinement de votre s\u00e9jour \u00e0 Agen et dans ses environs. Culture et patrimoine Nature et [&hellip;]\" \/>\n<meta property=\"og:url\" content=\"https:\/\/nijojo-agen.fr\/?page_id=74\" \/>\n<meta property=\"og:site_name\" content=\"Maison Nijojo \u2013 Chambres de charme \u00e0 Agen\" \/>\n<meta property=\"article:modified_time\" content=\"2026-03-25T11:31:03+00:00\" \/>\n<meta name=\"twitter:card\" content=\"summary_large_image\" \/>\n<meta name=\"twitter:label1\" content=\"Dur\u00e9e de lecture estim\u00e9e\" \/>\n\t<meta name=\"twitter:data1\" content=\"1 minute\" \/>\n<script type=\"application\/ld+json\" class=\"yoast-schema-graph\">{\"@context\":\"https:\\\/\\\/schema.org\",\"@graph\":[{\"@type\":\"WebPage\",\"@id\":\"https:\\\/\\\/nijojo-agen.fr\\\/?page_id=74\",\"url\":\"https:\\\/\\\/nijojo-agen.fr\\\/?page_id=74\",\"name\":\"Que faire \u00e0 Agen ? - Maison Nijojo \u2013 Chambres de charme \u00e0 Agen\",\"isPartOf\":{\"@id\":\"https:\\\/\\\/nijojo-agen.fr\\\/#website\"},\"datePublished\":\"2026-03-25T10:54:35+00:00\",\"dateModified\":\"2026-03-25T11:31:03+00:00\",\"breadcrumb\":{\"@id\":\"https:\\\/\\\/nijojo-agen.fr\\\/?page_id=74#breadcrumb\"},\"inLanguage\":\"fr-FR\",\"potentialAction\":[{\"@type\":\"ReadAction\",\"target\":[\"https:\\\/\\\/nijojo-agen.fr\\\/?page_id=74\"]}]},{\"@type\":\"BreadcrumbList\",\"@id\":\"https:\\\/\\\/nijojo-agen.fr\\\/?page_id=74#breadcrumb\",\"itemListElement\":[{\"@type\":\"ListItem\",\"position\":1,\"name\":\"Accueil\",\"item\":\"https:\\\/\\\/nijojo-agen.fr\\\/\"},{\"@type\":\"ListItem\",\"position\":2,\"name\":\"Que faire \u00e0 Agen ?\"}]},{\"@type\":\"WebSite\",\"@id\":\"https:\\\/\\\/nijojo-agen.fr\\\/#website\",\"url\":\"https:\\\/\\\/nijojo-agen.fr\\\/\",\"name\":\"Maison Nijojo \u2013 Chambres de charme \u00e0 Agen\",\"description\":\"\",\"potentialAction\":[{\"@type\":\"SearchAction\",\"target\":{\"@type\":\"EntryPoint\",\"urlTemplate\":\"https:\\\/\\\/nijojo-agen.fr\\\/?s={search_term_string}\"},\"query-input\":{\"@type\":\"PropertyValueSpecification\",\"valueRequired\":true,\"valueName\":\"search_term_string\"}}],\"inLanguage\":\"fr-FR\"}]}<\/script>\n<!-- \/ Yoast SEO plugin. -->","yoast_head_json":{"title":"Que faire \u00e0 Agen ? - Maison Nijojo \u2013 Chambres de charme \u00e0 Agen","robots":{"index":"index","follow":"follow","max-snippet":"max-snippet:-1","max-image-preview":"max-image-preview:large","max-video-preview":"max-video-preview:-1"},"canonical":"https:\/\/nijojo-agen.fr\/?page_id=74","og_locale":"fr_FR","og_type":"article","og_title":"Que faire \u00e0 Agen ? - Maison Nijojo \u2013 Chambres de charme \u00e0 Agen","og_description":"Voici quelques id\u00e9es pour profiter pleinement de votre s\u00e9jour \u00e0 Agen et dans ses environs. Culture et patrimoine Nature et [&hellip;]","og_url":"https:\/\/nijojo-agen.fr\/?page_id=74","og_site_name":"Maison Nijojo \u2013 Chambres de charme \u00e0 Agen","article_modified_time":"2026-03-25T11:31:03+00:00","twitter_card":"summary_large_image","twitter_misc":{"Dur\u00e9e de lecture estim\u00e9e":"1 minute"},"schema":{"@context":"https:\/\/schema.org","@graph":[{"@type":"WebPage","@id":"https:\/\/nijojo-agen.fr\/?page_id=74","url":"https:\/\/nijojo-agen.fr\/?page_id=74","name":"Que faire \u00e0 Agen ? - Maison Nijojo \u2013 Chambres de charme \u00e0 Agen","isPartOf":{"@id":"https:\/\/nijojo-agen.fr\/#website"},"datePublished":"2026-03-25T10:54:35+00:00","dateModified":"2026-03-25T11:31:03+00:00","breadcrumb":{"@id":"https:\/\/nijojo-agen.fr\/?page_id=74#breadcrumb"},"inLanguage":"fr-FR","potentialAction":[{"@type":"ReadAction","target":["https:\/\/nijojo-agen.fr\/?page_id=74"]}]},{"@type":"BreadcrumbList","@id":"https:\/\/nijojo-agen.fr\/?page_id=74#breadcrumb","itemListElement":[{"@type":"ListItem","position":1,"name":"Accueil","item":"https:\/\/nijojo-agen.fr\/"},{"@type":"ListItem","position":2,"name":"Que faire \u00e0 Agen ?"}]},{"@type":"WebSite","@id":"https:\/\/nijojo-agen.fr\/#website","url":"https:\/\/nijojo-agen.fr\/","name":"Maison Nijojo \u2013 Chambres de charme \u00e0 Agen","description":"","potentialAction":[{"@type":"SearchAction","target":{"@type":"EntryPoint","urlTemplate":"https:\/\/nijojo-agen.fr\/?s={search_term_string}"},"query-input":{"@type":"PropertyValueSpecification","valueRequired":true,"valueName":"search_term_string"}}],"inLanguage":"fr-FR"}]}},"_links":{"self":[{"href":"https:\/\/nijojo-agen.fr\/index.php?rest_route=\/wp\/v2\/pages\/74","targetHints":{"allow":["GET"]}}],"collection":[{"href":"https:\/\/nijojo-agen.fr\/index.php?rest_route=\/wp\/v2\/pages"}],"about":[{"href":"https:\/\/nijojo-agen.fr\/index.php?rest_route=\/wp\/v2\/types\/page"}],"author":[{"embeddable":true,"href":"https:\/\/nijojo-agen.fr\/index.php?rest_route=\/wp\/v2\/users\/1"}],"replies":[{"embeddable":true,"href":"https:\/\/nijojo-agen.fr\/index.php?rest_route=%2Fwp%2Fv2%2Fcomments&post=74"}],"version-history":[{"count":2,"href":"https:\/\/nijojo-agen.fr\/index.php?rest_route=\/wp\/v2\/pages\/74\/revisions"}],"predecessor-version":[{"id":82,"href":"https:\/\/nijojo-agen.fr\/index.php?rest_route=\/wp\/v2\/pages\/74\/revisions\/82"}],"wp:attachment":[{"href":"https:\/\/nijojo-agen.fr\/index.php?rest_route=%2Fwp%2Fv2%2Fmedia&parent=74"}],"curies":[{"name":"wp","href":"https:\/\/api.w.org\/{rel}","templated":true}]}}