{"id":76,"date":"2026-03-25T11:55:19","date_gmt":"2026-03-25T10:55:19","guid":{"rendered":"https:\/\/nijojo-agen.fr\/?page_id=76"},"modified":"2026-03-25T11:55:21","modified_gmt":"2026-03-25T10:55:21","slug":"bonnes-adresses","status":"publish","type":"page","link":"https:\/\/nijojo-agen.fr\/?page_id=76","title":{"rendered":"Bonnes adresses"},"content":{"rendered":"\n<h2 class=\"wp-block-heading\">Nos bonnes adresses \u00e0 Agen<\/h2>\n\n\n\n<p>Nous partageons ici quelques lieux que nous appr\u00e9cions particuli\u00e8rement \u00e0 Agen. Cette s\u00e9lection vous permettra de d\u00e9couvrir de bonnes tables, des adresses gourmandes et quelques lieux locaux \u00e0 ne pas manquer.<\/p>\n\n\n\n<h3 class=\"wp-block-heading\">Ambiance conviviale<\/h3>\n\n\n\n<p>Quelques restaurants et lieux agr\u00e9ables pour d\u00e9jeuner, d\u00eener ou passer un bon moment dans le centre-ville.<\/p>\n\n\n\n<h3 class=\"wp-block-heading\">Saveurs d\u2019ailleurs<\/h3>\n\n\n\n<p>Agen propose aussi de belles adresses italiennes, libanaises, indiennes ou japonaises pour varier les plaisirs.<\/p>\n\n\n\n<h3 class=\"wp-block-heading\">Une envie de sucr\u00e9<\/h3>\n\n\n\n<p>P\u00e2tisseries, caf\u00e9s, brunchs et douceurs locales vous attendent dans le centre-ville.<\/p>\n\n\n\n<h3 class=\"wp-block-heading\">Produits locaux et souvenirs<\/h3>\n\n\n\n<p>Le march\u00e9 couvert, les boutiques gourmandes et les commerces locaux sont parfaits pour rapporter un souvenir du Lot-et-Garonne.<\/p>\n","protected":false},"excerpt":{"rendered":"<p>Nos bonnes adresses \u00e0 Agen Nous partageons ici quelques lieux que nous appr\u00e9cions particuli\u00e8rement \u00e0 Agen. Cette s\u00e9lection vous permettra [&hellip;]<\/p>\n","protected":false},"author":1,"featured_media":0,"parent":0,"menu_order":0,"comment_status":"closed","ping_status":"closed","template":"","meta":{"_monsterinsights_skip_tracking":false,"_monsterinsights_sitenote_active":false,"_monsterinsights_sitenote_note":"","_monsterinsights_sitenote_category":0,"site-sidebar-layout":"default","site-content-layout":"","ast-site-content-layout":"default","site-content-style":"default","site-sidebar-style":"default","ast-global-header-display":"","ast-banner-title-visibility":"","ast-main-header-display":"","ast-hfb-above-header-display":"","ast-hfb-below-header-display":"","ast-hfb-mobile-header-display":"","site-post-title":"","ast-breadcrumbs-content":"","ast-featured-img":"","footer-sml-layout":"","ast-disable-related-posts":"","theme-transparent-header-meta":"","adv-header-id-meta":"","stick-header-meta":"","header-above-stick-meta":"","header-main-stick-meta":"","header-below-stick-meta":"","astra-migrate-meta-layouts":"default","ast-page-background-enabled":"default","ast-page-background-meta":{"desktop":{"background-color":"var(--ast-global-color-5)","background-image":"","background-repeat":"repeat","background-position":"center center","background-size":"auto","background-attachment":"scroll","background-type":"","background-media":"","overlay-type":"","overlay-color":"","overlay-opacity":"","overlay-gradient":""},"tablet":{"background-color":"","background-image":"","background-repeat":"repeat","background-position":"center center","background-size":"auto","background-attachment":"scroll","background-type":"","background-media":"","overlay-type":"","overlay-color":"","overlay-opacity":"","overlay-gradient":""},"mobile":{"background-color":"","background-image":"","background-repeat":"repeat","background-position":"center center","background-size":"auto","background-attachment":"scroll","background-type":"","background-media":"","overlay-type":"","overlay-color":"","overlay-opacity":"","overlay-gradient":""}},"ast-content-background-meta":{"desktop":{"background-color":"var(--ast-global-color-4)","background-image":"","background-repeat":"repeat","background-position":"center center","background-size":"auto","background-attachment":"scroll","background-type":"","background-media":"","overlay-type":"","overlay-color":"","overlay-opacity":"","overlay-gradient":""},"tablet":{"background-color":"var(--ast-global-color-4)","background-image":"","background-repeat":"repeat","background-position":"center center","background-size":"auto","background-attachment":"scroll","background-type":"","background-media":"","overlay-type":"","overlay-color":"","overlay-opacity":"","overlay-gradient":""},"mobile":{"background-color":"var(--ast-global-color-4)","background-image":"","background-repeat":"repeat","background-position":"center center","background-size":"auto","background-attachment":"scroll","background-type":"","background-media":"","overlay-type":"","overlay-color":"","overlay-opacity":"","overlay-gradient":""}},"footnotes":""},"class_list":["post-76","page","type-page","status-publish","hentry"],"yoast_head":"<!-- This site is optimized with the Yoast SEO plugin v27.3 - https:\/\/yoast.com\/product\/yoast-seo-wordpress\/ -->\n<title>Bonnes adresses - Maison Nijojo \u2013 Chambres de charme \u00e0 Agen<\/title>\n<meta name=\"robots\" content=\"index, follow, max-snippet:-1, max-image-preview:large, max-video-preview:-1\" \/>\n<link rel=\"canonical\" href=\"https:\/\/nijojo-agen.fr\/?page_id=76\" \/>\n<meta property=\"og:locale\" content=\"fr_FR\" \/>\n<meta property=\"og:type\" content=\"article\" \/>\n<meta property=\"og:title\" content=\"Bonnes adresses - Maison Nijojo \u2013 Chambres de charme \u00e0 Agen\" \/>\n<meta property=\"og:description\" content=\"Nos bonnes adresses \u00e0 Agen Nous partageons ici quelques lieux que nous appr\u00e9cions particuli\u00e8rement \u00e0 Agen. Cette s\u00e9lection vous permettra [&hellip;]\" \/>\n<meta property=\"og:url\" content=\"https:\/\/nijojo-agen.fr\/?page_id=76\" \/>\n<meta property=\"og:site_name\" content=\"Maison Nijojo \u2013 Chambres de charme \u00e0 Agen\" \/>\n<meta property=\"article:modified_time\" content=\"2026-03-25T10:55:21+00:00\" \/>\n<meta name=\"twitter:card\" content=\"summary_large_image\" \/>\n<meta name=\"twitter:label1\" content=\"Dur\u00e9e de lecture estim\u00e9e\" \/>\n\t<meta name=\"twitter:data1\" content=\"1 minute\" \/>\n<script type=\"application\/ld+json\" class=\"yoast-schema-graph\">{\"@context\":\"https:\\\/\\\/schema.org\",\"@graph\":[{\"@type\":\"WebPage\",\"@id\":\"https:\\\/\\\/nijojo-agen.fr\\\/?page_id=76\",\"url\":\"https:\\\/\\\/nijojo-agen.fr\\\/?page_id=76\",\"name\":\"Bonnes adresses - Maison Nijojo \u2013 Chambres de charme \u00e0 Agen\",\"isPartOf\":{\"@id\":\"https:\\\/\\\/nijojo-agen.fr\\\/#website\"},\"datePublished\":\"2026-03-25T10:55:19+00:00\",\"dateModified\":\"2026-03-25T10:55:21+00:00\",\"breadcrumb\":{\"@id\":\"https:\\\/\\\/nijojo-agen.fr\\\/?page_id=76#breadcrumb\"},\"inLanguage\":\"fr-FR\",\"potentialAction\":[{\"@type\":\"ReadAction\",\"target\":[\"https:\\\/\\\/nijojo-agen.fr\\\/?page_id=76\"]}]},{\"@type\":\"BreadcrumbList\",\"@id\":\"https:\\\/\\\/nijojo-agen.fr\\\/?page_id=76#breadcrumb\",\"itemListElement\":[{\"@type\":\"ListItem\",\"position\":1,\"name\":\"Accueil\",\"item\":\"https:\\\/\\\/nijojo-agen.fr\\\/\"},{\"@type\":\"ListItem\",\"position\":2,\"name\":\"Bonnes adresses\"}]},{\"@type\":\"WebSite\",\"@id\":\"https:\\\/\\\/nijojo-agen.fr\\\/#website\",\"url\":\"https:\\\/\\\/nijojo-agen.fr\\\/\",\"name\":\"Maison Nijojo \u2013 Chambres de charme \u00e0 Agen\",\"description\":\"\",\"potentialAction\":[{\"@type\":\"SearchAction\",\"target\":{\"@type\":\"EntryPoint\",\"urlTemplate\":\"https:\\\/\\\/nijojo-agen.fr\\\/?s={search_term_string}\"},\"query-input\":{\"@type\":\"PropertyValueSpecification\",\"valueRequired\":true,\"valueName\":\"search_term_string\"}}],\"inLanguage\":\"fr-FR\"}]}<\/script>\n<!-- \/ Yoast SEO plugin. -->","yoast_head_json":{"title":"Bonnes adresses - Maison Nijojo \u2013 Chambres de charme \u00e0 Agen","robots":{"index":"index","follow":"follow","max-snippet":"max-snippet:-1","max-image-preview":"max-image-preview:large","max-video-preview":"max-video-preview:-1"},"canonical":"https:\/\/nijojo-agen.fr\/?page_id=76","og_locale":"fr_FR","og_type":"article","og_title":"Bonnes adresses - Maison Nijojo \u2013 Chambres de charme \u00e0 Agen","og_description":"Nos bonnes adresses \u00e0 Agen Nous partageons ici quelques lieux que nous appr\u00e9cions particuli\u00e8rement \u00e0 Agen. Cette s\u00e9lection vous permettra [&hellip;]","og_url":"https:\/\/nijojo-agen.fr\/?page_id=76","og_site_name":"Maison Nijojo \u2013 Chambres de charme \u00e0 Agen","article_modified_time":"2026-03-25T10:55:21+00:00","twitter_card":"summary_large_image","twitter_misc":{"Dur\u00e9e de lecture estim\u00e9e":"1 minute"},"schema":{"@context":"https:\/\/schema.org","@graph":[{"@type":"WebPage","@id":"https:\/\/nijojo-agen.fr\/?page_id=76","url":"https:\/\/nijojo-agen.fr\/?page_id=76","name":"Bonnes adresses - Maison Nijojo \u2013 Chambres de charme \u00e0 Agen","isPartOf":{"@id":"https:\/\/nijojo-agen.fr\/#website"},"datePublished":"2026-03-25T10:55:19+00:00","dateModified":"2026-03-25T10:55:21+00:00","breadcrumb":{"@id":"https:\/\/nijojo-agen.fr\/?page_id=76#breadcrumb"},"inLanguage":"fr-FR","potentialAction":[{"@type":"ReadAction","target":["https:\/\/nijojo-agen.fr\/?page_id=76"]}]},{"@type":"BreadcrumbList","@id":"https:\/\/nijojo-agen.fr\/?page_id=76#breadcrumb","itemListElement":[{"@type":"ListItem","position":1,"name":"Accueil","item":"https:\/\/nijojo-agen.fr\/"},{"@type":"ListItem","position":2,"name":"Bonnes adresses"}]},{"@type":"WebSite","@id":"https:\/\/nijojo-agen.fr\/#website","url":"https:\/\/nijojo-agen.fr\/","name":"Maison Nijojo \u2013 Chambres de charme \u00e0 Agen","description":"","potentialAction":[{"@type":"SearchAction","target":{"@type":"EntryPoint","urlTemplate":"https:\/\/nijojo-agen.fr\/?s={search_term_string}"},"query-input":{"@type":"PropertyValueSpecification","valueRequired":true,"valueName":"search_term_string"}}],"inLanguage":"fr-FR"}]}},"_links":{"self":[{"href":"https:\/\/nijojo-agen.fr\/index.php?rest_route=\/wp\/v2\/pages\/76","targetHints":{"allow":["GET"]}}],"collection":[{"href":"https:\/\/nijojo-agen.fr\/index.php?rest_route=\/wp\/v2\/pages"}],"about":[{"href":"https:\/\/nijojo-agen.fr\/index.php?rest_route=\/wp\/v2\/types\/page"}],"author":[{"embeddable":true,"href":"https:\/\/nijojo-agen.fr\/index.php?rest_route=\/wp\/v2\/users\/1"}],"replies":[{"embeddable":true,"href":"https:\/\/nijojo-agen.fr\/index.php?rest_route=%2Fwp%2Fv2%2Fcomments&post=76"}],"version-history":[{"count":1,"href":"https:\/\/nijojo-agen.fr\/index.php?rest_route=\/wp\/v2\/pages\/76\/revisions"}],"predecessor-version":[{"id":77,"href":"https:\/\/nijojo-agen.fr\/index.php?rest_route=\/wp\/v2\/pages\/76\/revisions\/77"}],"wp:attachment":[{"href":"https:\/\/nijojo-agen.fr\/index.php?rest_route=%2Fwp%2Fv2%2Fmedia&parent=76"}],"curies":[{"name":"wp","href":"https:\/\/api.w.org\/{rel}","templated":true}]}}